{"id":3681,"date":"2018-10-16T18:04:30","date_gmt":"2024-10-16T16:04:31","guid":{"rendered":"https:\/\/trilitrate.com\/?post_type=product&#038;p=3681"},"modified":"2024-10-16T18:15:35","modified_gmt":"2024-10-16T16:15:35","slug":"esta-de-grelo-ropeadope-gandula-2021-copia","status":"publish","type":"product","link":"https:\/\/trilitrate.com\/en\/producto\/esta-de-grelo-ropeadope-gandula-2021-copia\/","title":{"rendered":"Fal\u00e1chesme na man"},"content":{"rendered":"<p style=\"text-align: center;\">&#8220;Fal\u00e1chesme na man&#8221; is the revolutionary debut album by the Galician band Trilitrate. A sonic marvel brimming with beauty, built on the fundamental pillars of Elena V\u00e1zquez&#8217;s fiddle, Rub\u00e9n Abad&#8217;s guitar, and Marcos Padr\u00f3n&#8217;s accordion.<\/p>\n<p style=\"text-align: center;\">A collection of pieces with an elegant, syncretic touch and an atypical creativity. The Galicians succeed in defining a distinctive and autonomous character and style, even as the album presents elements of formidable eclecticism.<\/p>\n<p style=\"text-align: center;\">Through &#8220;Fal\u00e1chesme na man&#8221; we navigate through time and space, becoming spectators in a refined auditorium, a Parisian caf\u00e9, an Irish pub, a 1930s Buenos Aires dive, or an avant-garde theater.<\/p>\n<p style=\"text-align: center;\">Chamber music, minimalism, folk, jazz, free improvisation, avant-garde, or world music collide in a supernova of sonic wonders that is exciting and addictive to listen to.<\/p>\n<p style=\"text-align: center;\">The physical format of the album is enhanced by the superb design of Alberto Larra\u00f1aga, also known as Bort, sealing the ensemble\u2019s impeccable artistic work.<\/p>\n","protected":false},"excerpt":{"rendered":"<p>Audio CD presented in digipack format. 52\u2032<br \/>\nRecording, mixing and mastering by Jose V\u00e1zquez and \u00c1lvaro Gallego at Pastora Studios (Vigo).<br \/>\nCover design: Alberto Larra\u00f1aga (Bort)<\/p>\n","protected":false},"featured_media":3689,"template":"","meta":[],"product_cat":[116],"product_tag":[117,118,119,120],"class_list":{"0":"post-3681","1":"product","2":"type-product","3":"status-publish","4":"has-post-thumbnail","6":"product_cat-sin-categorizar-en","7":"product_tag-album-en","8":"product_tag-cd-en","9":"product_tag-folk-en","10":"product_tag-release-en","12":"first","13":"instock","14":"featured","15":"taxable","16":"shipping-taxable","17":"purchasable","18":"product-type-simple"},"yoast_head":"<!-- This site is optimized with the Yoast SEO plugin v23.6 - https:\/\/yoast.com\/wordpress\/plugins\/seo\/ -->\n<title>Fal\u00e1chesme na man - Trilitrate<\/title>\n<meta name=\"description\" content=\"&quot;Fal\u00e1chesme na man&quot; is the revolutionary debut album by the Galician band Trilitrate. A sonic marvel brimming with beauty.\" \/>\n<meta name=\"robots\" content=\"index, follow, max-snippet:-1, max-image-preview:large, max-video-preview:-1\" \/>\n<link rel=\"canonical\" href=\"https:\/\/trilitrate.com\/en\/producto\/esta-de-grelo-ropeadope-gandula-2021-copia\/\" \/>\n<meta property=\"og:locale\" content=\"en_US\" \/>\n<meta property=\"og:type\" content=\"article\" \/>\n<meta property=\"og:title\" content=\"Fal\u00e1chesme na man - Trilitrate\" \/>\n<meta property=\"og:description\" content=\"&quot;Fal\u00e1chesme na man&quot; is the revolutionary debut album by the Galician band Trilitrate. A sonic marvel brimming with beauty.\" \/>\n<meta property=\"og:url\" content=\"https:\/\/trilitrate.com\/en\/producto\/esta-de-grelo-ropeadope-gandula-2021-copia\/\" \/>\n<meta property=\"og:site_name\" content=\"Trilitrate\" \/>\n<meta property=\"article:modified_time\" content=\"2024-10-16T16:15:35+00:00\" \/>\n<meta property=\"og:image\" content=\"https:\/\/trilitrate.com\/wp-content\/uploads\/2024\/10\/TRILITRATE-PORTADA.webp\" \/>\n\t<meta property=\"og:image:width\" content=\"1580\" \/>\n\t<meta property=\"og:image:height\" content=\"1453\" \/>\n\t<meta property=\"og:image:type\" content=\"image\/webp\" \/>\n<meta name=\"twitter:card\" content=\"summary_large_image\" \/>\n<meta name=\"twitter:label1\" content=\"Est. reading time\" \/>\n\t<meta name=\"twitter:data1\" content=\"2 minutes\" \/>\n<script type=\"application\/ld+json\" class=\"yoast-schema-graph\">{\"@context\":\"https:\/\/schema.org\",\"@graph\":[{\"@type\":\"WebPage\",\"@id\":\"https:\/\/trilitrate.com\/en\/producto\/esta-de-grelo-ropeadope-gandula-2021-copia\/\",\"url\":\"https:\/\/trilitrate.com\/en\/producto\/esta-de-grelo-ropeadope-gandula-2021-copia\/\",\"name\":\"Fal\u00e1chesme na man - Trilitrate\",\"isPartOf\":{\"@id\":\"https:\/\/trilitrate.com\/en\/#website\"},\"primaryImageOfPage\":{\"@id\":\"https:\/\/trilitrate.com\/en\/producto\/esta-de-grelo-ropeadope-gandula-2021-copia\/#primaryimage\"},\"image\":{\"@id\":\"https:\/\/trilitrate.com\/en\/producto\/esta-de-grelo-ropeadope-gandula-2021-copia\/#primaryimage\"},\"thumbnailUrl\":\"https:\/\/trilitrate.com\/wp-content\/uploads\/2024\/10\/TRILITRATE-PORTADA.webp\",\"datePublished\":\"2024-10-16T16:04:31+00:00\",\"dateModified\":\"2024-10-16T16:15:35+00:00\",\"description\":\"\\\"Fal\u00e1chesme na man\\\" is the revolutionary debut album by the Galician band Trilitrate. A sonic marvel brimming with beauty.\",\"breadcrumb\":{\"@id\":\"https:\/\/trilitrate.com\/en\/producto\/esta-de-grelo-ropeadope-gandula-2021-copia\/#breadcrumb\"},\"inLanguage\":\"en-US\",\"potentialAction\":[{\"@type\":\"ReadAction\",\"target\":[\"https:\/\/trilitrate.com\/en\/producto\/esta-de-grelo-ropeadope-gandula-2021-copia\/\"]}]},{\"@type\":\"ImageObject\",\"inLanguage\":\"en-US\",\"@id\":\"https:\/\/trilitrate.com\/en\/producto\/esta-de-grelo-ropeadope-gandula-2021-copia\/#primaryimage\",\"url\":\"https:\/\/trilitrate.com\/wp-content\/uploads\/2024\/10\/TRILITRATE-PORTADA.webp\",\"contentUrl\":\"https:\/\/trilitrate.com\/wp-content\/uploads\/2024\/10\/TRILITRATE-PORTADA.webp\",\"width\":1580,\"height\":1453,\"caption\":\"TRILITRATE Falachesme na man\"},{\"@type\":\"BreadcrumbList\",\"@id\":\"https:\/\/trilitrate.com\/en\/producto\/esta-de-grelo-ropeadope-gandula-2021-copia\/#breadcrumb\",\"itemListElement\":[{\"@type\":\"ListItem\",\"position\":1,\"name\":\"Portada\",\"item\":\"https:\/\/trilitrate.com\/en\/\"},{\"@type\":\"ListItem\",\"position\":2,\"name\":\"Tenda\",\"item\":\"https:\/\/trilitrate.com\/tenda\/\"},{\"@type\":\"ListItem\",\"position\":3,\"name\":\"Fal\u00e1chesme na man\"}]},{\"@type\":\"WebSite\",\"@id\":\"https:\/\/trilitrate.com\/en\/#website\",\"url\":\"https:\/\/trilitrate.com\/en\/\",\"name\":\"Trilitrate\",\"description\":\"Grupo de m\u00fasica en Vigo\",\"potentialAction\":[{\"@type\":\"SearchAction\",\"target\":{\"@type\":\"EntryPoint\",\"urlTemplate\":\"https:\/\/trilitrate.com\/en\/?s={search_term_string}\"},\"query-input\":{\"@type\":\"PropertyValueSpecification\",\"valueRequired\":true,\"valueName\":\"search_term_string\"}}],\"inLanguage\":\"en-US\"}]}<\/script>\n<!-- \/ Yoast SEO plugin. -->","yoast_head_json":{"title":"Fal\u00e1chesme na man - Trilitrate","description":"\"Fal\u00e1chesme na man\" is the revolutionary debut album by the Galician band Trilitrate. A sonic marvel brimming with beauty.","robots":{"index":"index","follow":"follow","max-snippet":"max-snippet:-1","max-image-preview":"max-image-preview:large","max-video-preview":"max-video-preview:-1"},"canonical":"https:\/\/trilitrate.com\/en\/producto\/esta-de-grelo-ropeadope-gandula-2021-copia\/","og_locale":"en_US","og_type":"article","og_title":"Fal\u00e1chesme na man - Trilitrate","og_description":"\"Fal\u00e1chesme na man\" is the revolutionary debut album by the Galician band Trilitrate. A sonic marvel brimming with beauty.","og_url":"https:\/\/trilitrate.com\/en\/producto\/esta-de-grelo-ropeadope-gandula-2021-copia\/","og_site_name":"Trilitrate","article_modified_time":"2024-10-16T16:15:35+00:00","og_image":[{"width":1580,"height":1453,"url":"https:\/\/trilitrate.com\/wp-content\/uploads\/2024\/10\/TRILITRATE-PORTADA.webp","type":"image\/webp"}],"twitter_card":"summary_large_image","twitter_misc":{"Est. reading time":"2 minutes"},"schema":{"@context":"https:\/\/schema.org","@graph":[{"@type":"WebPage","@id":"https:\/\/trilitrate.com\/en\/producto\/esta-de-grelo-ropeadope-gandula-2021-copia\/","url":"https:\/\/trilitrate.com\/en\/producto\/esta-de-grelo-ropeadope-gandula-2021-copia\/","name":"Fal\u00e1chesme na man - Trilitrate","isPartOf":{"@id":"https:\/\/trilitrate.com\/en\/#website"},"primaryImageOfPage":{"@id":"https:\/\/trilitrate.com\/en\/producto\/esta-de-grelo-ropeadope-gandula-2021-copia\/#primaryimage"},"image":{"@id":"https:\/\/trilitrate.com\/en\/producto\/esta-de-grelo-ropeadope-gandula-2021-copia\/#primaryimage"},"thumbnailUrl":"https:\/\/trilitrate.com\/wp-content\/uploads\/2024\/10\/TRILITRATE-PORTADA.webp","datePublished":"2024-10-16T16:04:31+00:00","dateModified":"2024-10-16T16:15:35+00:00","description":"\"Fal\u00e1chesme na man\" is the revolutionary debut album by the Galician band Trilitrate. A sonic marvel brimming with beauty.","breadcrumb":{"@id":"https:\/\/trilitrate.com\/en\/producto\/esta-de-grelo-ropeadope-gandula-2021-copia\/#breadcrumb"},"inLanguage":"en-US","potentialAction":[{"@type":"ReadAction","target":["https:\/\/trilitrate.com\/en\/producto\/esta-de-grelo-ropeadope-gandula-2021-copia\/"]}]},{"@type":"ImageObject","inLanguage":"en-US","@id":"https:\/\/trilitrate.com\/en\/producto\/esta-de-grelo-ropeadope-gandula-2021-copia\/#primaryimage","url":"https:\/\/trilitrate.com\/wp-content\/uploads\/2024\/10\/TRILITRATE-PORTADA.webp","contentUrl":"https:\/\/trilitrate.com\/wp-content\/uploads\/2024\/10\/TRILITRATE-PORTADA.webp","width":1580,"height":1453,"caption":"TRILITRATE Falachesme na man"},{"@type":"BreadcrumbList","@id":"https:\/\/trilitrate.com\/en\/producto\/esta-de-grelo-ropeadope-gandula-2021-copia\/#breadcrumb","itemListElement":[{"@type":"ListItem","position":1,"name":"Portada","item":"https:\/\/trilitrate.com\/en\/"},{"@type":"ListItem","position":2,"name":"Tenda","item":"https:\/\/trilitrate.com\/tenda\/"},{"@type":"ListItem","position":3,"name":"Fal\u00e1chesme na man"}]},{"@type":"WebSite","@id":"https:\/\/trilitrate.com\/en\/#website","url":"https:\/\/trilitrate.com\/en\/","name":"Trilitrate","description":"Grupo de m\u00fasica en Vigo","potentialAction":[{"@type":"SearchAction","target":{"@type":"EntryPoint","urlTemplate":"https:\/\/trilitrate.com\/en\/?s={search_term_string}"},"query-input":{"@type":"PropertyValueSpecification","valueRequired":true,"valueName":"search_term_string"}}],"inLanguage":"en-US"}]}},"jetpack_sharing_enabled":true,"_links":{"self":[{"href":"https:\/\/trilitrate.com\/en\/wp-json\/wp\/v2\/product\/3681","targetHints":{"allow":["GET"]}}],"collection":[{"href":"https:\/\/trilitrate.com\/en\/wp-json\/wp\/v2\/product"}],"about":[{"href":"https:\/\/trilitrate.com\/en\/wp-json\/wp\/v2\/types\/product"}],"wp:featuredmedia":[{"embeddable":true,"href":"https:\/\/trilitrate.com\/en\/wp-json\/wp\/v2\/media\/3689"}],"wp:attachment":[{"href":"https:\/\/trilitrate.com\/en\/wp-json\/wp\/v2\/media?parent=3681"}],"wp:term":[{"taxonomy":"product_cat","embeddable":true,"href":"https:\/\/trilitrate.com\/en\/wp-json\/wp\/v2\/product_cat?post=3681"},{"taxonomy":"product_tag","embeddable":true,"href":"https:\/\/trilitrate.com\/en\/wp-json\/wp\/v2\/product_tag?post=3681"}],"curies":[{"name":"wp","href":"https:\/\/api.w.org\/{rel}","templated":true}]}}