{"id":3,"date":"2021-04-27T18:30:16","date_gmt":"2021-04-27T18:30:16","guid":{"rendered":"http:\/\/trilitrate.com\/?page_id=3"},"modified":"2021-05-06T10:45:38","modified_gmt":"2021-05-06T08:45:38","slug":"politica-privacidad","status":"publish","type":"page","link":"https:\/\/trilitrate.com\/es\/politica-privacidad\/","title":{"rendered":"Pol\u00edtica de privacidad"},"content":{"rendered":"<p>La presente Pol\u00edtica de Privacidad tiene como objetivo facilitar informaci\u00f3n adicional y detallada a los interesados sobre la Pol\u00edtica de Privacidad de Trilitrate, dando cumplimiento a la normativa en esta materia, en especial al Reglamento (UE) 2016\/679, de 27 de abril de 2016, relativo a la protecci\u00f3n de las personas f\u00edsicas en lo que respecta al tratamiento de datos personales y a la libre circulaci\u00f3n de estos datos y por el que se deroga la Directiva 95\/46\/CE (en adelante RGPD), y a la Ley Org\u00e1nica 3\/2018, de 5 de diciembre, de Protecci\u00f3n de Datos y Garant\u00eda de los Derechos Digitales (en adelante LOPDGDD).<\/p>\r\n<p>Se pretende con ello ayudar al Usuario a tomar decisiones informadas cuando utiliza el sitio web y a comprender de qu\u00e9 modo trataremos su informaci\u00f3n personal. Le invitamos a que la lea con atenci\u00f3n para mantener en todo momento el control sobre sus datos personales.<br \/>Los servicios prestados por Trilitrate a trav\u00e9s de su sitio web, est\u00e1n dirigidos a mayores de edad.<\/p>\r\n<h3 class=\"wp-block-heading\">Responsable del tratamiento<\/h3>\r\n<p>La web Trilitrate es titularidad de Montserrat Pi\u00f1eiro Torres, cuyos datos completos son los siguientes:<br \/>NIF\/CIF: 77412847-E<br \/>Direcci\u00f3n: C\/ Nicaragua, n\u00ba50, 4\u00ba IZQ, 36204 Vigo<br \/>Correo electr\u00f3nico: trilitrate@gmail.com<br \/>Tel\u00e9fono: 627006947<\/p>\r\n<h3><br \/>Finalidad<\/h3>\r\n<p>El tratamiento de datos tiene una doble finalidad:<\/p>\r\n<ul>\r\n<li>Poder llevar a cabo el servicio contratado por el cliente, de forma que si la informaci\u00f3n facilitada no es ver\u00eddica o completa Trilitrate podr\u00e1 no llevar a cabo la entrega.<\/li>\r\n<li>Enviar a sus clientes o a aquellos usuarios que expresamente y con antelaci\u00f3n lo hubieran consentido, comunicaciones comerciales y ofertas promocionales con informaci\u00f3n, promociones o novedades referentes a productos o servicios de la empresa. El usuario podr\u00e1, en cualquier momento, oponerse a recibir dichas comunicaciones o darse de baja de las mismas, a trav\u00e9s de la opci\u00f3n de baja en los mails publicitarios o de la cuenta de correo trilitrate@gmail.com<\/li>\r\n<\/ul>\r\n<h3>Datos solicitados<\/h3>\r\n<p>Las categor\u00edas de datos solicitados por Trilitrate son:<\/p>\r\n<ol>\r\n<li>Datos identificativos: nombre, apellidos.<\/li>\r\n<li>Datos de entrega: direcci\u00f3n completa y tel\u00e9fono de contacto.<\/li>\r\n<li>Datos de contacto: correo electr\u00f3nico, n\u00famero de tel\u00e9fono. <\/li>\r\n<li>Otros datos: cualquier otra informaci\u00f3n incluida voluntariamente por el usuario en los formularios y\/o mensajes que remita a trav\u00e9s del sitio web u otros medios electr\u00f3nicos habilitados para ello.<\/li>\r\n<\/ol>\r\n<p>Trilitrate en ning\u00fan momento tiene acceso o conocimiento de la informaci\u00f3n financiera facilitada por el cliente para realizar las transacciones.<\/p>\r\n<p>Los datos recabados ser\u00e1n los exclusivamente necesarios para poder llevar a cabo el servicio solicitado, en ning\u00fan caso se solicitar\u00e1n o tratar\u00e1n datos innecesarios para la prestaci\u00f3n del servicio. Por lo que la negativa del cliente a facilitar la informaci\u00f3n requerida puede suponer la no prestaci\u00f3n del servicio por parte de Trilitrate. La informaci\u00f3n obtenida se presume exacta y actualizada.<\/p>\r\n<p>Por lo que, el Usuario, garantiza que los datos remitidos o aportados son verdaderos, exactos, completos y actualizados, siendo responsable de cualquier da\u00f1o o perjuicio, directo o indirecto, que pudiera ocasionarse como consecuencia del incumplimiento de tal obligaci\u00f3n. En el caso de que los datos aportados pertenecieran a un tercero, el Usuario garantiza que ha informado a dicho tercero de los aspectos contenidos en esta Pol\u00edtica de Privacidad y ha obtenido su autorizaci\u00f3n de manera previa para facilitar sus datos a Trilitrate para los fines se\u00f1alados.<\/p>\r\n<h3><br \/>Toma de datos<\/h3>\r\n<p>Trilitrate recoge y trata los datos de car\u00e1cter personal que el Usuario le proporciona de forma voluntaria a trav\u00e9s de su interacci\u00f3n con el sitio web o por medios electr\u00f3nicos habilitados para ello. En concreto:<\/p>\r\n<ul>\r\n<li>A trav\u00e9s del formulario de contacto.<\/li>\r\n<li>Al suscribirse a la Newsletters (boletines) de Trilitrate.<\/li>\r\n<li>A trav\u00e9s del Registro de Cliente al realizar una compra.<\/li>\r\n<li>Al suministrarnos sus datos personales a trav\u00e9s de otros medios electr\u00f3nicos o no.<\/li>\r\n<\/ul>\r\n<p>Le informamos que cuando visita el sitio web, Trilitrate puede recabar informaci\u00f3n autom\u00e1ticamente a trav\u00e9s de cookies, tales como tipo de navegador, dominio a trav\u00e9s del cual accede, datos de navegaci\u00f3n, y actividad en el sitio web. Para m\u00e1s informaci\u00f3n, consulte la Pol\u00edtica de Cookies.<\/p>\r\n<h3>Legitimaci\u00f3n para el tratamiento<\/h3>\r\n<p>Trilitrate basa su tratamiento de datos personales en las siguientes legitimaciones legales:<\/p>\r\n<ul>\r\n<li>Ejecuci\u00f3n de un contrato: La base legal para el tratamiento de sus datos personales es la ejecuci\u00f3n de un contrato de venta de ropa(camisetas),complementos (bolsos) o Discos a trav\u00e9s de la web Trilitrate, solicitado por el cliente y seg\u00fan los t\u00e9rminos y condiciones de compra establecidos por la empresa y aceptados por el interesado en el momento de confirmar la compra. La negaci\u00f3n por parte del interesado a facilitar estos datos puede suponer la no ejecuci\u00f3n del contrato, ya que Trilitrate no podr\u00e1 llevar a cabo la gesti\u00f3n del servicio y la entrega de la mercanc\u00eda.<\/li>\r\n<li>Consentimiento del interesado: El consentimiento es obtenido directamente del interesado a trav\u00e9s de una acci\u00f3n directa en los apartados habilitados para tal fin. Siempre precedido de la cl\u00e1usula informativa correspondiente y facilitando el acceso a toda la informaci\u00f3n sobre protecci\u00f3n de datos.<\/li>\r\n<\/ul>\r\n<h3>Duraci\u00f3n<\/h3>\r\n<p>Existe el compromiso por parte de Trilitrate de mantener las bases de clientes y usuarios actualizadas, por lo que los datos de car\u00e1cter personal ser\u00e1n cancelados cuando hayan dejado de ser necesarios o pertinentes para la finalidad para la cual hubieran sido recabados o registrados.<\/p>\r\n<p>Los datos se mantendr\u00e1n durante la duraci\u00f3n del contrato o con posterioridad durante el plazo marcado por las leyes que puedan ser de aplicaci\u00f3n.<\/p>\r\n<p>Trilitrate conservar\u00e1 activos los datos personales proporcionados a trav\u00e9s del formulario de Contacto durante el tiempo necesario para atender la solicitud realizada por el Usuario.<\/p>\r\n<p>En el caso de finalidades para la que se ha recabado el consentimiento est\u00e1s se mantendr\u00e1n hasta la revocaci\u00f3n del mismo por parte del interesado.<\/p>\r\n<p>Sin perjuicio de lo anterior, sus datos ser\u00e1n conservados debidamente bloqueados mientras puedan derivarse responsabilidades, as\u00ed como para el cumplimiento de otras obligaciones legales a cargo de Trilitrate . A este respecto, Trilitrate garantiza que no tratar\u00e1 los datos salvo que sea necesario para la formulaci\u00f3n, ejercicio o defensa de reclamaciones o cuando \u00e9ste sea requerido para facilitar los mismos a la Administraci\u00f3n P\u00fablica, Jueces y Tribunales durante el periodo de prescripci\u00f3n de sus derechos u obligaciones legales.<\/p>\r\n<h3>Cesi\u00f3n de datos<\/h3>\r\n<p>Trilitrate puede ceder sus datos a terceras empresas en los casos es los que le obligue la legislaci\u00f3n vigente o lo solicite cualquier autoridad competente siempre y cuando sean requeridos de conformidad con las disposiciones legales y reglamentarias.<br \/>Tambi\u00e9n podr\u00e1 comunicar o permitir el acceso a sus datos personales, a empresas que presten servicios en funci\u00f3n de un contrato de tratamiento de datos donde est\u00e1n establecidas las condiciones de confidencialidad, seguridad, integridad y destino de los datos personales. <\/p>\r\n<p>Trilitrate no ha previsto transferir sus datos personales a un tercer pa\u00eds u organizaci\u00f3n internacional.<\/p>\r\n<p>Se informa a los usuarios que Trilitrate no elabora perfiles, ni toma decisiones automatizadas.<\/p>\r\n<h3>Redes sociales<\/h3>\r\n<p>El usuario podr\u00e1 unirse a los Grupos que Trilitrate tenga en distintas redes sociales, con la finalidad de compartir comentarios, y ponerse en contacto con otros miembros del Grupo. El tratamiento que Trilitrate llevar\u00e1 a cabo de los datos de los seguidores de las redes sociales, ser\u00e1 el que la red social correspondiente permita a los perfiles corporativos.<\/p>\r\n<p>Trilitrate, podr\u00e1 informar a sus seguidores, por medio de las v\u00edas que la red social permita, sobre sus productos, servicios, as\u00ed como prestar servicios de atenci\u00f3n al cliente.<\/p>\r\n<p>Asimismo, se informa al usuario que se incorpore como \u00a8Seguidor en una Red Social\u00a8 que deber\u00e1 aceptar las condiciones de uso y pol\u00edtica de privacidad de la red social correspondiente.<\/p>\r\n<h3>Derechos<\/h3>\r\n<p>Trilitrate informa que realiza tratamiento de los datos personales de los interesados y reconoce su derecho a conocer y acceder a estos datos en cualquier momento.<\/p>\r\n<p>Si el tratamiento se basa en su consentimiento, el usuario podr\u00e1 retirar el mismo en cualquier momento, seg\u00fan se indica a continuaci\u00f3n.<\/p>\r\n<p>El usuario podr\u00e1 ejercitar sus derechos de acceso, rectificaci\u00f3n, supresi\u00f3n, limitaci\u00f3n de tratamiento, portabilidad y oposici\u00f3n en cualquier momento y por medios electr\u00f3nicos enviando una carta a la direcci\u00f3n C\/ Nicaragua, n\u00ba50, 4\u00baIZQ, 36204 Vigo o correo electr\u00f3nico a la cuenta trilitrate@gmail.com, con el asunto \u201cDatos Personales\u201d.<\/p>\r\n<p>Trilitrate se compromete a atender estas solicitudes en el menor tiempo posible y podr\u00e1 tomar medidas para verificar la identidad de las personas que soliciten el acceso o pretendan ejercer cualquiera de los otros derechos reconocidos.<br \/>Los interesados podr\u00e1n en cualquier momento presentar una reclamaci\u00f3n ante la Autoridad de Control en materia de protecci\u00f3n de datos competente para obtener informaci\u00f3n adicional o para la defensa de sus derechos.<\/p>\r\n<h3>Seguridad<\/h3>\r\n<p>De conformidad con lo dispuesto en las normativa vigente en protecci\u00f3n de datos personales, Trilitrate est\u00e1 cumpliendo con todas las disposiciones del RGPD y la LOPDGDD para el tratamiento de los datos personales de su responsabilidad, y manifiestamente con los principios descritos en el art\u00edculo 5 del RGPD, por los cuales son tratados de manera l\u00edcita, leal y transparente en relaci\u00f3n con el interesado y adecuados, pertinentes y limitados a lo necesario en relaci\u00f3n con los fines para los que son tratados.<\/p>\r\n<p>Trilitrate garantiza que ha implementado pol\u00edticas t\u00e9cnicas y organizativas apropiadas para aplicar las medidas de seguridad que establecen el RGPD y la LOPDGDD con el fin de proteger los derechos y libertades de los Usuarios y les ha comunicado la informaci\u00f3n adecuada para que puedan ejercerlos.<\/p>\r\n<p>Para m\u00e1s informaci\u00f3n sobre las garant\u00edas de privacidad, puedes dirigirte a Trilitrate, escribiendo un correo electr\u00f3nico a trilitrate@gmail.com.<\/p>\r\n<p><em><strong>Fecha \u00faltima actualizaci\u00f3n de la Pol\u00edtica de Privacidad: 05\/05\/2021<\/strong><\/em><\/p>","protected":false},"excerpt":{"rendered":"<p>La presente Pol\u00edtica de Privacidad tiene como objetivo facilitar informaci\u00f3n adicional y detallada a los interesados sobre la Pol\u00edtica de Privacidad de Trilitrate, dando cumplimiento a la normativa en esta [&hellip;]<\/p>\n","protected":false},"author":1,"featured_media":0,"parent":0,"menu_order":0,"comment_status":"closed","ping_status":"open","template":"","meta":{"footnotes":""},"class_list":["post-3","page","type-page","status-publish","hentry"],"yoast_head":"<!-- This site is optimized with the Yoast SEO plugin v23.6 - https:\/\/yoast.com\/wordpress\/plugins\/seo\/ -->\n<title>Pol\u00edtica de privacidad - Trilitrate<\/title>\n<meta name=\"robots\" content=\"index, follow, max-snippet:-1, max-image-preview:large, max-video-preview:-1\" \/>\n<link rel=\"canonical\" href=\"https:\/\/trilitrate.com\/es\/politica-privacidad\/\" \/>\n<meta property=\"og:locale\" content=\"es_ES\" \/>\n<meta property=\"og:type\" content=\"article\" \/>\n<meta property=\"og:title\" content=\"Pol\u00edtica de privacidad - Trilitrate\" \/>\n<meta property=\"og:description\" content=\"La presente Pol\u00edtica de Privacidad tiene como objetivo facilitar informaci\u00f3n adicional y detallada a los interesados sobre la Pol\u00edtica de Privacidad de Trilitrate, dando cumplimiento a la normativa en esta [&hellip;]\" \/>\n<meta property=\"og:url\" content=\"https:\/\/trilitrate.com\/es\/politica-privacidad\/\" \/>\n<meta property=\"og:site_name\" content=\"Trilitrate\" \/>\n<meta property=\"article:modified_time\" content=\"2021-05-06T08:45:38+00:00\" \/>\n<meta name=\"twitter:card\" content=\"summary_large_image\" \/>\n<meta name=\"twitter:label1\" content=\"Tiempo de lectura\" \/>\n\t<meta name=\"twitter:data1\" content=\"7 minutos\" \/>\n<script type=\"application\/ld+json\" class=\"yoast-schema-graph\">{\"@context\":\"https:\/\/schema.org\",\"@graph\":[{\"@type\":\"WebPage\",\"@id\":\"https:\/\/trilitrate.com\/es\/politica-privacidad\/\",\"url\":\"https:\/\/trilitrate.com\/es\/politica-privacidad\/\",\"name\":\"Pol\u00edtica de privacidad - Trilitrate\",\"isPartOf\":{\"@id\":\"https:\/\/trilitrate.com\/es\/#website\"},\"datePublished\":\"2021-04-27T18:30:16+00:00\",\"dateModified\":\"2021-05-06T08:45:38+00:00\",\"breadcrumb\":{\"@id\":\"https:\/\/trilitrate.com\/es\/politica-privacidad\/#breadcrumb\"},\"inLanguage\":\"es\",\"potentialAction\":[{\"@type\":\"ReadAction\",\"target\":[\"https:\/\/trilitrate.com\/es\/politica-privacidad\/\"]}]},{\"@type\":\"BreadcrumbList\",\"@id\":\"https:\/\/trilitrate.com\/es\/politica-privacidad\/#breadcrumb\",\"itemListElement\":[{\"@type\":\"ListItem\",\"position\":1,\"name\":\"Portada\",\"item\":\"https:\/\/trilitrate.com\/es\/\"},{\"@type\":\"ListItem\",\"position\":2,\"name\":\"Pol\u00edtica de privacidad\"}]},{\"@type\":\"WebSite\",\"@id\":\"https:\/\/trilitrate.com\/es\/#website\",\"url\":\"https:\/\/trilitrate.com\/es\/\",\"name\":\"Trilitrate\",\"description\":\"Grupo de m\u00fasica en Vigo\",\"potentialAction\":[{\"@type\":\"SearchAction\",\"target\":{\"@type\":\"EntryPoint\",\"urlTemplate\":\"https:\/\/trilitrate.com\/es\/?s={search_term_string}\"},\"query-input\":{\"@type\":\"PropertyValueSpecification\",\"valueRequired\":true,\"valueName\":\"search_term_string\"}}],\"inLanguage\":\"es\"}]}<\/script>\n<!-- \/ Yoast SEO plugin. -->","yoast_head_json":{"title":"Pol\u00edtica de privacidad - Trilitrate","robots":{"index":"index","follow":"follow","max-snippet":"max-snippet:-1","max-image-preview":"max-image-preview:large","max-video-preview":"max-video-preview:-1"},"canonical":"https:\/\/trilitrate.com\/es\/politica-privacidad\/","og_locale":"es_ES","og_type":"article","og_title":"Pol\u00edtica de privacidad - Trilitrate","og_description":"La presente Pol\u00edtica de Privacidad tiene como objetivo facilitar informaci\u00f3n adicional y detallada a los interesados sobre la Pol\u00edtica de Privacidad de Trilitrate, dando cumplimiento a la normativa en esta [&hellip;]","og_url":"https:\/\/trilitrate.com\/es\/politica-privacidad\/","og_site_name":"Trilitrate","article_modified_time":"2021-05-06T08:45:38+00:00","twitter_card":"summary_large_image","twitter_misc":{"Tiempo de lectura":"7 minutos"},"schema":{"@context":"https:\/\/schema.org","@graph":[{"@type":"WebPage","@id":"https:\/\/trilitrate.com\/es\/politica-privacidad\/","url":"https:\/\/trilitrate.com\/es\/politica-privacidad\/","name":"Pol\u00edtica de privacidad - Trilitrate","isPartOf":{"@id":"https:\/\/trilitrate.com\/es\/#website"},"datePublished":"2021-04-27T18:30:16+00:00","dateModified":"2021-05-06T08:45:38+00:00","breadcrumb":{"@id":"https:\/\/trilitrate.com\/es\/politica-privacidad\/#breadcrumb"},"inLanguage":"es","potentialAction":[{"@type":"ReadAction","target":["https:\/\/trilitrate.com\/es\/politica-privacidad\/"]}]},{"@type":"BreadcrumbList","@id":"https:\/\/trilitrate.com\/es\/politica-privacidad\/#breadcrumb","itemListElement":[{"@type":"ListItem","position":1,"name":"Portada","item":"https:\/\/trilitrate.com\/es\/"},{"@type":"ListItem","position":2,"name":"Pol\u00edtica de privacidad"}]},{"@type":"WebSite","@id":"https:\/\/trilitrate.com\/es\/#website","url":"https:\/\/trilitrate.com\/es\/","name":"Trilitrate","description":"Grupo de m\u00fasica en Vigo","potentialAction":[{"@type":"SearchAction","target":{"@type":"EntryPoint","urlTemplate":"https:\/\/trilitrate.com\/es\/?s={search_term_string}"},"query-input":{"@type":"PropertyValueSpecification","valueRequired":true,"valueName":"search_term_string"}}],"inLanguage":"es"}]}},"jetpack_sharing_enabled":true,"_links":{"self":[{"href":"https:\/\/trilitrate.com\/es\/wp-json\/wp\/v2\/pages\/3","targetHints":{"allow":["GET"]}}],"collection":[{"href":"https:\/\/trilitrate.com\/es\/wp-json\/wp\/v2\/pages"}],"about":[{"href":"https:\/\/trilitrate.com\/es\/wp-json\/wp\/v2\/types\/page"}],"author":[{"embeddable":true,"href":"https:\/\/trilitrate.com\/es\/wp-json\/wp\/v2\/users\/1"}],"replies":[{"embeddable":true,"href":"https:\/\/trilitrate.com\/es\/wp-json\/wp\/v2\/comments?post=3"}],"version-history":[{"count":2,"href":"https:\/\/trilitrate.com\/es\/wp-json\/wp\/v2\/pages\/3\/revisions"}],"predecessor-version":[{"id":3293,"href":"https:\/\/trilitrate.com\/es\/wp-json\/wp\/v2\/pages\/3\/revisions\/3293"}],"wp:attachment":[{"href":"https:\/\/trilitrate.com\/es\/wp-json\/wp\/v2\/media?parent=3"}],"curies":[{"name":"wp","href":"https:\/\/api.w.org\/{rel}","templated":true}]}}