{"id":3133,"date":"2021-05-03T18:49:21","date_gmt":"2021-05-03T16:49:21","guid":{"rendered":"https:\/\/trilitrate.com\/?page_id=3133"},"modified":"2021-05-03T18:49:21","modified_gmt":"2021-05-03T16:49:21","slug":"aviso-legal","status":"publish","type":"page","link":"https:\/\/trilitrate.com\/es\/aviso-legal\/","title":{"rendered":"Aviso legal"},"content":{"rendered":"<p>En cumplimiento de lo establecido en el Art.10 de la Ley 34\/2002, de Servicios de la Sociedad de la Informaci\u00f3n y Comercio Electr\u00f3nico, informamos que el presente sitio web\u00a0https:\/\/trilitrate .com\/\u00a0(en adelante el sitio web) es propiedad y est\u00e1 gestionado por\u00a0D\u00aa Montserrat Pi\u00f1eiro Torres, cuyos datos completos son los siguientes:<\/p>\n<ul>\n<li>NIF\/CIF: 77412847-E<\/li>\n<li>Direcci\u00f3n: C\/ Nicaragua, n\u00ba 50, 4\u00ba IZQ &#8211; 36204 Vigo<\/li>\n<li>Correo electr\u00f3nico: trilitrate@gmail.com<\/li>\n<\/ul>\n<p>Con el \u00e1nimo de que el uso del Sitio web se ajuste a criterios claridad, sencillez y transparencia, Trilitrate informa al Usuario que cualquier sugerencia, duda o consulta sobre estos textos legales ser\u00e1 recibida y solucionada contactando con nosotros a trav\u00e9s del correo electr\u00f3nico: trilitrate@gmail.com<\/p>\n<h3>1. Objeto<\/h3>\n<p>El presente Aviso Legal regula el acceso a los contenidos y servicios ofrecidos por Trilitrate a trav\u00e9s del sitio web, as\u00ed como la utilizaci\u00f3n de los mismos por parte de los Usuarios.<br \/>\nTrilitrate suministra el contenido y los servicios que est\u00e1n disponibles en el Sitio web, con sujeci\u00f3n al presente Aviso Legal, as\u00ed como a la pol\u00edtica sobre tratamiento de datos personales (en adelante, la\u00a0Pol\u00edtica de Privacidad\u00a0y la\u00a0Pol\u00edtica de Cookies. El acceso o navegaci\u00f3n por este Sitio web o su utilizaci\u00f3n o participaci\u00f3n en cualquier forma, le otorga la calificaci\u00f3n de \u201cUsuario\u201d e implica la aceptaci\u00f3n sin reservas de este Aviso Legal, reserv\u00e1ndose Trilitrate el derecho a modificarlos en cualquier momento.<br \/>\nEn consecuencia, ser\u00e1 responsabilidad de todo Usuario, la atenta lectura del Aviso Legal en cada una de las ocasiones en que acceda a este Sitio web, por lo que, si \u00e9ste no est\u00e1 de acuerdo con cualquiera de los t\u00e9rminos aqu\u00ed dispuestos, deber\u00e1 abstenerse respecto a la navegaci\u00f3n o uso del Sitio web.<\/p>\n<h3>2. Servicios<\/h3>\n<p>A trav\u00e9s del Sitio web, Trilitrate ofrece a los Usuarios la posibilidad de:<\/p>\n<ul>\n<li>Acceso y compra a los productos publicados en nuestra web.<\/li>\n<li>Efectuar consultas o enviar sugerencias a trav\u00e9s del formulario de contacto existente en el sitio web.<\/li>\n<li>(Suscribirse al servicio de env\u00edo de novedades, ofertas o promociones directamente al buz\u00f3n de correo electr\u00f3nico del usuario.)<\/li>\n<\/ul>\n<h3>3.\u00a0Acceso<\/h3>\n<p>El acceso al sitio web posee car\u00e1cter gratuito, as\u00ed como la informaci\u00f3n que contiene. Asimismo, y como regla general, no se exige la previa suscripci\u00f3n o registro como usuario para el acceso y uso del sitio web, sin perjuicio de que para la utilizaci\u00f3n de determinados servicios o contenidos de la misma se deba realizar dicha suscripci\u00f3n o registro, como por ejemplo para recibir el\u00a0newsletter\u00a0o para efectuar una compra.<\/p>\n<h3>4. Responsabilidad del Usuario<\/h3>\n<ul>\n<li>El usuario ser\u00e1 responsable de la veracidad y exactitud de los datos e informaciones enviados o facilitados a Trilitrate a trav\u00e9s del formulario de registro\/ contacto o direcciones de correos existentes en el sitio web.<\/li>\n<li>El Usuario acepta, de forma expresa y sin reservas, que el acceso y la utilizaci\u00f3n del Sitio web, se hace bajo su \u00fanica y exclusiva responsabilidad, y se compromete a no usar el Sitio web con fines fraudulentos, as\u00ed como a no llevar a cabo conducta alguna que pudiera da\u00f1ar la imagen, los derechos e intereses de Trilitrate o de terceros.<\/li>\n<li>El Usuario se compromete a utilizar el sitio web de conformidad con la Ley, el presente Aviso Legal, las buenas costumbres y el orden p\u00fablico.<\/li>\n<li>Del mismo modo el Usuario se obliga a no utilizar el sitio web, sus contenidos o los servicios que se presten a trav\u00e9s de \u00e9ste, con fines il\u00edcitos o contrarios al contenido del presente Aviso Legal, lesivos de los derechos o intereses de terceros, o que de cualquier forma pueda inutilizar, da\u00f1ar, o hacer inaccesibles o deteriorar el sitio web, sus contenidos o sus servicios o impedir un normal disfrute de la misma por parte de otros Usuarios.<\/li>\n<li>Asimismo, el Usuario se compromete expresamente a no alterar, destruir, inutilizar o, de cualquier otra forma, da\u00f1ar los datos, informaci\u00f3n, programas o documentos electr\u00f3nicos que se encuentren en el sitio web.<\/li>\n<li>El Usuario se compromete a no introducir programas, virus, o cualquier otro dispositivo l\u00f3gico o secuencia de caracteres que causen o puedan causar cualquier tipo de alteraci\u00f3n en los sistemas inform\u00e1ticos de Trilitrate .<\/li>\n<\/ul>\n<h3>5. Responsabilidad de Trilitrate<\/h3>\n<p>Trilitrate ha adoptado, dentro de sus posibilidades y del estado de la t\u00e9cnica, todas las medidas necesarias para garantizar el funcionamiento del sitio web y evitar la existencia y transmisi\u00f3n de virus u otros componentes da\u00f1inos a los Usuarios.<\/p>\n<p>El sitio web de Trilitrate contiene informaci\u00f3n, contenidos, textos, fotograf\u00edas, que proceden de fuentes consideradas como fiables, y si bien se han tomado medidas razonables para asegurarse de que la informaci\u00f3n contenida sea correcta, no se garantiza que sea exacta, completa, o est\u00e9 actualizada en todo momento, por lo que Trilitrate declina expresamente cualquier responsabilidad por error u omisi\u00f3n en la informaci\u00f3n contenida en el sitio web.<\/p>\n<p>Asimismo, , Trilitrate no garantiza ni se hace responsable de:<\/p>\n<ul>\n<li>la invulnerabilidad del sitio web y\/o la inexpugnabilidad de las medidas de seguridad que se adopten en el mismo;<\/li>\n<li>los da\u00f1os o perjuicios que cause, a s\u00ed mismo o a un tercero, cualquier persona que infringiera las condiciones, normas e instrucciones que establece en el Sitio web Trilitrate o a trav\u00e9s de la vulneraci\u00f3n de los sistemas de seguridad del sitio web.<\/li>\n<\/ul>\n<p>Trilitrate se reserva el derecho a modificar, suspender temporalmente, cancelar o restringir el contenido del sitio web, sin necesidad de previo aviso.<\/p>\n<h3>6. Propiedad intelectual e industrial<\/h3>\n<p>Todos los contenidos del sitio web, salvo que se indique lo contrario, son titularidad exclusiva de Trilitrate y, con car\u00e1cter enunciativo, que no limitativo, el dise\u00f1o gr\u00e1fico, c\u00f3digo fuente, logos, textos, gr\u00e1ficos, ilustraciones, fotograf\u00edas y dem\u00e1s elementos que aparecen en el sitio web.<\/p>\n<p>Igualmente, todos los nombres comerciales, marcas o signos distintivos de cualquier clase contenidos en el sitio web son titularidad de Trilitrate o de terceras empresas, y est\u00e1 prohibido su uso sin el consentimiento de Trilitrate o de sus leg\u00edtimos propietarios. En ning\u00fan caso, salvo autorizaci\u00f3n expresa, el acceso o uso del sitio web y\/o de sus contenidos y\/o servicios, confiere al usuario derecho alguno sobre las marcas, logotipos y\/o signos distintos en \u00e9l incluidos, que est\u00e1n protegidos por ley.<\/p>\n<p>Trilitrate no concede ning\u00fan tipo de licencia o autorizaci\u00f3n de uso personal al Usuario sobre sus derechos de propiedad intelectual e industrial o sobre cualquier otro derecho relacionado con su Web y los servicios ofrecidos en la misma.<\/p>\n<p>Por ello, el Usuario reconoce que la reproducci\u00f3n, distribuci\u00f3n, comercializaci\u00f3n, transformaci\u00f3n, y en general, cualquier otra forma de explotaci\u00f3n, por cualquier procedimiento, de los contenidos de este sitio web constituye una infracci\u00f3n de los derechos de propiedad intelectual y\/o industrial de Trilitrate o del titular de los mismos.<\/p>\n<h3>7. Enlaces.<\/h3>\n<p>Trilitrate se reserva el derecho a introducir links o v\u00ednculos a p\u00e1ginas web de terceros. En el supuesto anterior, Trilitrate, no se har\u00e1 responsable de las webs no propias a las que el usuario pudiese acceder mediante dichos v\u00ednculos o links. Cualquier uso de un v\u00ednculo o acceso a una web que no sea propia, ser\u00e1 realizado por voluntad y riesgo exclusivo del usuario. Trilitrate no garantiza ni recomienda ninguna informaci\u00f3n o contenido que se pueda obtener por o a trav\u00e9s de un v\u00ednculo, ni se responsabilizar\u00e1 de ninguna p\u00e9rdida, reclamaci\u00f3n o perjuicio derivado del uso o mal uso de dicho v\u00ednculo, o de la informaci\u00f3n contenida u obtenida a trav\u00e9s de \u00e9l, de la interrupci\u00f3n del servicio o acceso, o del intento de usar o por el uso incorrecto de un v\u00ednculo, tanto al acceder a la Web, como al acceder a la informaci\u00f3n de otras webs desde nuestro sitio web.<\/p>\n<p>Asimismo, Trilitrate informa que no permite el establecimiento de un hiperenlace desde un sitio web ajeno al sitio web de Trilitrate, a menos que disponga del consentimiento previo y expreso de Trilitrate.<\/p>\n<h3>8. Privacidad y Protecci\u00f3n de Datos Personales<\/h3>\n<p>Esta web, cumple la normativa vigente en protecci\u00f3n de datos personales, el Reglamento (UE) 2016\/679 del Parlamento Europeo y del Consejo de 27 de abril de 2016 relativo a la protecci\u00f3n de las personas f\u00edsicas (RGPD), la Ley Org\u00e1nica 3\/2018, de 5 de diciembre, de Protecci\u00f3n de Datos Personales y garant\u00eda de los derechos digitales (LOPDGDD), as\u00ed como lo establecido en la Ley 34\/2002, de 11 de julio, de Servicios de la Sociedad de la Informaci\u00f3n y Comercio Electr\u00f3nico (LSSICE).<\/p>\n<p>Trilitrate podr\u00e1 tratar datos de car\u00e1cter personal recabados a trav\u00e9s de su navegaci\u00f3n o los que suministre a trav\u00e9s de formularios de contacto\/registro que a tal efecto puedan habilitarse en el sitio web, as\u00ed como por medios convencionales como el tel\u00e9fono, correo electr\u00f3nico o a trav\u00e9s de sus Redes Sociales.<\/p>\n<p>Rogamos leer atentamente y aceptar expresamente la\u00a0Pol\u00edtica de Privacidad\u00a0antes de facilitar o enviar sus datos de car\u00e1cter personal.<\/p>\n<h3>9. Pol\u00edtica de Cookies<\/h3>\n<p>La navegaci\u00f3n por el sitio web o la Pol\u00edtica de Cookies de Trilitrate, queda determinada por lo establecido en el documento Pol\u00edtica de Cookies. Rogamos leer atentamente y aceptar expresamente la\u00a0Pol\u00edtica de Cookies.<\/p>\n<h3>10. Redes sociales<\/h3>\n<p>Trilitrate dispone de perfil en las principales redes sociales:\u00a0Facebook,\u00a0Instagram.<\/p>\n<p>El usuario podr\u00e1 unirse a los Grupos que Trilitrate tenga en distintas redes sociales, con la finalidad de compartir comentarios, experiencias acerca de los productos y servicios ofrecidos por Trilitrate y ponerse en contacto con otros miembros del Grupo. El tratamiento que Trilitrate llevar\u00e1 a cabo de los datos de los seguidores de las redes sociales, ser\u00e1 el que la red social correspondiente permita a los perfiles corporativos en cada momento.<\/p>\n<p>Asimismo, se informa al usuario que se incorpore como \u00a8Seguidor en una Red Social\u00a8 que deber\u00e1 aceptar las condiciones de uso y pol\u00edtica de privacidad de la red social correspondiente.<\/p>\n<h3>11. Modificaci\u00f3n de las condiciones de uso<\/h3>\n<p>Trilitrate se reserva el derecho de desarrollar o actualizar en cualquier momento las condiciones de uso de la presente p\u00e1gina web por lo que el usuario deber\u00e1 leerlas peri\u00f3dicamente.<\/p>\n<h3>12. Ley aplicable y Jurisdicci\u00f3n<\/h3>\n<p>El presente Aviso Legal, as\u00ed como el resto de los textos legales del sitio web, se regir\u00e1n por la legislaci\u00f3n espa\u00f1ola.<\/p>\n<p>Para la resoluci\u00f3n de cualquier controversia o conflicto que de derive de las presentes\u00a0Condiciones Generales, Trilitrate e somete a los criterios de determinaci\u00f3n competencial establecidos en la legislaci\u00f3n aplicable sobre consumidores y Usuarios.<\/p>\n<h3>13. Contacto<\/h3>\n<p>En caso de que cualquier usuario tuviese alguna duda acerca de estas Condiciones legales o cualquier comentario sobre el portal www.trilitrate.com, por favor dir\u00edjase a trilitrate@gmail.com<\/p>\n<p>Fecha de la \u00faltima actualizaci\u00f3n: mayo de 2021<\/p>\n","protected":false},"excerpt":{"rendered":"<p>En cumplimiento de lo establecido en el Art.10 de la Ley 34\/2002, de Servicios de la Sociedad de la Informaci\u00f3n y Comercio Electr\u00f3nico, informamos que el presente sitio web\u00a0https:\/\/trilitrate .com\/\u00a0(en [&hellip;]<\/p>\n","protected":false},"author":1,"featured_media":0,"parent":0,"menu_order":0,"comment_status":"closed","ping_status":"closed","template":"","meta":{"footnotes":""},"class_list":["post-3133","page","type-page","status-publish","hentry"],"yoast_head":"<!-- This site is optimized with the Yoast SEO plugin v23.6 - https:\/\/yoast.com\/wordpress\/plugins\/seo\/ -->\n<title>Aviso legal - Trilitrate<\/title>\n<meta name=\"robots\" content=\"index, follow, max-snippet:-1, max-image-preview:large, max-video-preview:-1\" \/>\n<link rel=\"canonical\" href=\"https:\/\/trilitrate.com\/es\/aviso-legal\/\" \/>\n<meta property=\"og:locale\" content=\"es_ES\" \/>\n<meta property=\"og:type\" content=\"article\" \/>\n<meta property=\"og:title\" content=\"Aviso legal - Trilitrate\" \/>\n<meta property=\"og:description\" content=\"En cumplimiento de lo establecido en el Art.10 de la Ley 34\/2002, de Servicios de la Sociedad de la Informaci\u00f3n y Comercio Electr\u00f3nico, informamos que el presente sitio web\u00a0https:\/\/trilitrate .com\/\u00a0(en [&hellip;]\" \/>\n<meta property=\"og:url\" content=\"https:\/\/trilitrate.com\/es\/aviso-legal\/\" \/>\n<meta property=\"og:site_name\" content=\"Trilitrate\" \/>\n<meta name=\"twitter:card\" content=\"summary_large_image\" \/>\n<meta name=\"twitter:label1\" content=\"Tiempo de lectura\" \/>\n\t<meta name=\"twitter:data1\" content=\"8 minutos\" \/>\n<script type=\"application\/ld+json\" class=\"yoast-schema-graph\">{\"@context\":\"https:\/\/schema.org\",\"@graph\":[{\"@type\":\"WebPage\",\"@id\":\"https:\/\/trilitrate.com\/es\/aviso-legal\/\",\"url\":\"https:\/\/trilitrate.com\/es\/aviso-legal\/\",\"name\":\"Aviso legal - Trilitrate\",\"isPartOf\":{\"@id\":\"https:\/\/trilitrate.com\/es\/#website\"},\"datePublished\":\"2021-05-03T16:49:21+00:00\",\"dateModified\":\"2021-05-03T16:49:21+00:00\",\"breadcrumb\":{\"@id\":\"https:\/\/trilitrate.com\/es\/aviso-legal\/#breadcrumb\"},\"inLanguage\":\"es\",\"potentialAction\":[{\"@type\":\"ReadAction\",\"target\":[\"https:\/\/trilitrate.com\/es\/aviso-legal\/\"]}]},{\"@type\":\"BreadcrumbList\",\"@id\":\"https:\/\/trilitrate.com\/es\/aviso-legal\/#breadcrumb\",\"itemListElement\":[{\"@type\":\"ListItem\",\"position\":1,\"name\":\"Portada\",\"item\":\"https:\/\/trilitrate.com\/es\/\"},{\"@type\":\"ListItem\",\"position\":2,\"name\":\"Aviso legal\"}]},{\"@type\":\"WebSite\",\"@id\":\"https:\/\/trilitrate.com\/es\/#website\",\"url\":\"https:\/\/trilitrate.com\/es\/\",\"name\":\"Trilitrate\",\"description\":\"Grupo de m\u00fasica en Vigo\",\"potentialAction\":[{\"@type\":\"SearchAction\",\"target\":{\"@type\":\"EntryPoint\",\"urlTemplate\":\"https:\/\/trilitrate.com\/es\/?s={search_term_string}\"},\"query-input\":{\"@type\":\"PropertyValueSpecification\",\"valueRequired\":true,\"valueName\":\"search_term_string\"}}],\"inLanguage\":\"es\"}]}<\/script>\n<!-- \/ Yoast SEO plugin. -->","yoast_head_json":{"title":"Aviso legal - Trilitrate","robots":{"index":"index","follow":"follow","max-snippet":"max-snippet:-1","max-image-preview":"max-image-preview:large","max-video-preview":"max-video-preview:-1"},"canonical":"https:\/\/trilitrate.com\/es\/aviso-legal\/","og_locale":"es_ES","og_type":"article","og_title":"Aviso legal - Trilitrate","og_description":"En cumplimiento de lo establecido en el Art.10 de la Ley 34\/2002, de Servicios de la Sociedad de la Informaci\u00f3n y Comercio Electr\u00f3nico, informamos que el presente sitio web\u00a0https:\/\/trilitrate .com\/\u00a0(en [&hellip;]","og_url":"https:\/\/trilitrate.com\/es\/aviso-legal\/","og_site_name":"Trilitrate","twitter_card":"summary_large_image","twitter_misc":{"Tiempo de lectura":"8 minutos"},"schema":{"@context":"https:\/\/schema.org","@graph":[{"@type":"WebPage","@id":"https:\/\/trilitrate.com\/es\/aviso-legal\/","url":"https:\/\/trilitrate.com\/es\/aviso-legal\/","name":"Aviso legal - Trilitrate","isPartOf":{"@id":"https:\/\/trilitrate.com\/es\/#website"},"datePublished":"2021-05-03T16:49:21+00:00","dateModified":"2021-05-03T16:49:21+00:00","breadcrumb":{"@id":"https:\/\/trilitrate.com\/es\/aviso-legal\/#breadcrumb"},"inLanguage":"es","potentialAction":[{"@type":"ReadAction","target":["https:\/\/trilitrate.com\/es\/aviso-legal\/"]}]},{"@type":"BreadcrumbList","@id":"https:\/\/trilitrate.com\/es\/aviso-legal\/#breadcrumb","itemListElement":[{"@type":"ListItem","position":1,"name":"Portada","item":"https:\/\/trilitrate.com\/es\/"},{"@type":"ListItem","position":2,"name":"Aviso legal"}]},{"@type":"WebSite","@id":"https:\/\/trilitrate.com\/es\/#website","url":"https:\/\/trilitrate.com\/es\/","name":"Trilitrate","description":"Grupo de m\u00fasica en Vigo","potentialAction":[{"@type":"SearchAction","target":{"@type":"EntryPoint","urlTemplate":"https:\/\/trilitrate.com\/es\/?s={search_term_string}"},"query-input":{"@type":"PropertyValueSpecification","valueRequired":true,"valueName":"search_term_string"}}],"inLanguage":"es"}]}},"jetpack_sharing_enabled":true,"_links":{"self":[{"href":"https:\/\/trilitrate.com\/es\/wp-json\/wp\/v2\/pages\/3133","targetHints":{"allow":["GET"]}}],"collection":[{"href":"https:\/\/trilitrate.com\/es\/wp-json\/wp\/v2\/pages"}],"about":[{"href":"https:\/\/trilitrate.com\/es\/wp-json\/wp\/v2\/types\/page"}],"author":[{"embeddable":true,"href":"https:\/\/trilitrate.com\/es\/wp-json\/wp\/v2\/users\/1"}],"replies":[{"embeddable":true,"href":"https:\/\/trilitrate.com\/es\/wp-json\/wp\/v2\/comments?post=3133"}],"version-history":[{"count":1,"href":"https:\/\/trilitrate.com\/es\/wp-json\/wp\/v2\/pages\/3133\/revisions"}],"predecessor-version":[{"id":3134,"href":"https:\/\/trilitrate.com\/es\/wp-json\/wp\/v2\/pages\/3133\/revisions\/3134"}],"wp:attachment":[{"href":"https:\/\/trilitrate.com\/es\/wp-json\/wp\/v2\/media?parent=3133"}],"curies":[{"name":"wp","href":"https:\/\/api.w.org\/{rel}","templated":true}]}}