{"id":3680,"date":"2018-10-16T18:04:30","date_gmt":"2018-10-16T16:04:30","guid":{"rendered":"https:\/\/trilitrate.com\/?post_type=product&#038;p=3680"},"modified":"2024-10-16T18:17:42","modified_gmt":"2024-10-16T16:17:42","slug":"falachesme-na-man","status":"publish","type":"product","link":"https:\/\/trilitrate.com\/es\/producto\/falachesme-na-man\/","title":{"rendered":"Fal\u00e1chesme na man"},"content":{"rendered":"<p style=\"text-align: center;\">&#8220;Fal\u00e1chesme na man\u201d es el revolucionario debut discogr\u00e1fico de la banda gallega Trilitrate. Un prodigio sonoro colmado de belleza construido sobre los pilares fundamentales que brindan el viol\u00edn de Elena V\u00e1zquez, la guitarra de Rub\u00e9n Abad y el acorde\u00f3n de Marcos Padr\u00f3n.<\/p>\n<p style=\"text-align: center;\">Una colecci\u00f3n de piezas de corte elegante, sincr\u00e9tico y de una creatividad at\u00edpica. Los gallegos aciertan a definir un car\u00e1cter y estilo distintivo y aut\u00f3nomo aun cuando el disco presenta elementos de un formidable eclecticismo.<\/p>\n<p style=\"text-align: center;\">A trav\u00e9s de \u201cFalachesme na man\u201d navegamos en el tiempo y el espacio, somos espectadoras en un auditorio refinado, en un caf\u00e9 parisino, un pub irland\u00e9s, un tugurio porte\u00f1o de los a\u00f1os 30 o un teatro avant garde.<\/p>\n<p style=\"text-align: center;\">M\u00fasica de c\u00e1mara, minimalismo, folk, jazz, improvisaci\u00f3n libre, vanguardia o m\u00fasicas del mundo colisionan en una supernova de maravillas s\u00f3nicas de escucha excitante y adictiva.<\/p>\n<p style=\"text-align: center;\">El formato f\u00edsico del disco goza por a\u00f1adidura del soberbio dise\u00f1o de Alberto Larra\u00f1aga, tambi\u00e9n conocido como Bort, que sella la impecable labor art\u00edstica del conjunto.<\/p>\n","protected":false},"excerpt":{"rendered":"<p>CD de audio presentado en formato digipack. 52\u2032<br \/>\nGrabaci\u00f3n, mezcla y m\u00e1ster por Jose V\u00e1zquez y \u00c1lvaro Gallego en los Estudios Pastora (Vigo)<br \/>\nDise\u00f1o de portada: Alberto Larra\u00f1aga (Bort)<\/p>\n","protected":false},"featured_media":3690,"template":"","meta":[],"product_cat":[15],"product_tag":[],"class_list":{"0":"post-3680","1":"product","2":"type-product","3":"status-publish","4":"has-post-thumbnail","6":"product_cat-sin-categorizar","8":"first","9":"instock","10":"featured","11":"taxable","12":"shipping-taxable","13":"purchasable","14":"product-type-simple"},"yoast_head":"<!-- This site is optimized with the Yoast SEO plugin v23.6 - https:\/\/yoast.com\/wordpress\/plugins\/seo\/ -->\n<title>Fal\u00e1chesme na man - Trilitrate<\/title>\n<meta name=\"description\" content=\"&quot;Fal\u00e1chesme na man\u201d es el revolucionario debut discogr\u00e1fico de la banda gallega Trilitrate. Un prodigio sonoro colmado de belleza\" \/>\n<meta name=\"robots\" content=\"index, follow, max-snippet:-1, max-image-preview:large, max-video-preview:-1\" \/>\n<link rel=\"canonical\" href=\"https:\/\/trilitrate.com\/es\/producto\/falachesme-na-man\/\" \/>\n<meta property=\"og:locale\" content=\"es_ES\" \/>\n<meta property=\"og:type\" content=\"article\" \/>\n<meta property=\"og:title\" content=\"Fal\u00e1chesme na man - Trilitrate\" \/>\n<meta property=\"og:description\" content=\"&quot;Fal\u00e1chesme na man\u201d es el revolucionario debut discogr\u00e1fico de la banda gallega Trilitrate. Un prodigio sonoro colmado de belleza\" \/>\n<meta property=\"og:url\" content=\"https:\/\/trilitrate.com\/es\/producto\/falachesme-na-man\/\" \/>\n<meta property=\"og:site_name\" content=\"Trilitrate\" \/>\n<meta property=\"article:modified_time\" content=\"2024-10-16T16:17:42+00:00\" \/>\n<meta property=\"og:image\" content=\"https:\/\/trilitrate.com\/wp-content\/uploads\/2024\/10\/TRILITRATE-PORTADA.webp\" \/>\n\t<meta property=\"og:image:width\" content=\"1580\" \/>\n\t<meta property=\"og:image:height\" content=\"1453\" \/>\n\t<meta property=\"og:image:type\" content=\"image\/webp\" \/>\n<meta name=\"twitter:card\" content=\"summary_large_image\" \/>\n<meta name=\"twitter:label1\" content=\"Tiempo de lectura\" \/>\n\t<meta name=\"twitter:data1\" content=\"2 minutos\" \/>\n<script type=\"application\/ld+json\" class=\"yoast-schema-graph\">{\"@context\":\"https:\/\/schema.org\",\"@graph\":[{\"@type\":\"WebPage\",\"@id\":\"https:\/\/trilitrate.com\/es\/producto\/falachesme-na-man\/\",\"url\":\"https:\/\/trilitrate.com\/es\/producto\/falachesme-na-man\/\",\"name\":\"Fal\u00e1chesme na man - Trilitrate\",\"isPartOf\":{\"@id\":\"https:\/\/trilitrate.com\/es\/#website\"},\"primaryImageOfPage\":{\"@id\":\"https:\/\/trilitrate.com\/es\/producto\/falachesme-na-man\/#primaryimage\"},\"image\":{\"@id\":\"https:\/\/trilitrate.com\/es\/producto\/falachesme-na-man\/#primaryimage\"},\"thumbnailUrl\":\"https:\/\/trilitrate.com\/wp-content\/uploads\/2024\/10\/TRILITRATE-PORTADA.webp\",\"datePublished\":\"2018-10-16T16:04:30+00:00\",\"dateModified\":\"2024-10-16T16:17:42+00:00\",\"description\":\"\\\"Fal\u00e1chesme na man\u201d es el revolucionario debut discogr\u00e1fico de la banda gallega Trilitrate. Un prodigio sonoro colmado de belleza\",\"breadcrumb\":{\"@id\":\"https:\/\/trilitrate.com\/es\/producto\/falachesme-na-man\/#breadcrumb\"},\"inLanguage\":\"es\",\"potentialAction\":[{\"@type\":\"ReadAction\",\"target\":[\"https:\/\/trilitrate.com\/es\/producto\/falachesme-na-man\/\"]}]},{\"@type\":\"ImageObject\",\"inLanguage\":\"es\",\"@id\":\"https:\/\/trilitrate.com\/es\/producto\/falachesme-na-man\/#primaryimage\",\"url\":\"https:\/\/trilitrate.com\/wp-content\/uploads\/2024\/10\/TRILITRATE-PORTADA.webp\",\"contentUrl\":\"https:\/\/trilitrate.com\/wp-content\/uploads\/2024\/10\/TRILITRATE-PORTADA.webp\",\"width\":1580,\"height\":1453,\"caption\":\"TRILITRATE Falachesme na man\"},{\"@type\":\"BreadcrumbList\",\"@id\":\"https:\/\/trilitrate.com\/es\/producto\/falachesme-na-man\/#breadcrumb\",\"itemListElement\":[{\"@type\":\"ListItem\",\"position\":1,\"name\":\"Portada\",\"item\":\"https:\/\/trilitrate.com\/es\/\"},{\"@type\":\"ListItem\",\"position\":2,\"name\":\"Tenda\",\"item\":\"https:\/\/trilitrate.com\/tenda\/\"},{\"@type\":\"ListItem\",\"position\":3,\"name\":\"Fal\u00e1chesme na man\"}]},{\"@type\":\"WebSite\",\"@id\":\"https:\/\/trilitrate.com\/es\/#website\",\"url\":\"https:\/\/trilitrate.com\/es\/\",\"name\":\"Trilitrate\",\"description\":\"Grupo de m\u00fasica en Vigo\",\"potentialAction\":[{\"@type\":\"SearchAction\",\"target\":{\"@type\":\"EntryPoint\",\"urlTemplate\":\"https:\/\/trilitrate.com\/es\/?s={search_term_string}\"},\"query-input\":{\"@type\":\"PropertyValueSpecification\",\"valueRequired\":true,\"valueName\":\"search_term_string\"}}],\"inLanguage\":\"es\"}]}<\/script>\n<!-- \/ Yoast SEO plugin. -->","yoast_head_json":{"title":"Fal\u00e1chesme na man - Trilitrate","description":"\"Fal\u00e1chesme na man\u201d es el revolucionario debut discogr\u00e1fico de la banda gallega Trilitrate. Un prodigio sonoro colmado de belleza","robots":{"index":"index","follow":"follow","max-snippet":"max-snippet:-1","max-image-preview":"max-image-preview:large","max-video-preview":"max-video-preview:-1"},"canonical":"https:\/\/trilitrate.com\/es\/producto\/falachesme-na-man\/","og_locale":"es_ES","og_type":"article","og_title":"Fal\u00e1chesme na man - Trilitrate","og_description":"\"Fal\u00e1chesme na man\u201d es el revolucionario debut discogr\u00e1fico de la banda gallega Trilitrate. Un prodigio sonoro colmado de belleza","og_url":"https:\/\/trilitrate.com\/es\/producto\/falachesme-na-man\/","og_site_name":"Trilitrate","article_modified_time":"2024-10-16T16:17:42+00:00","og_image":[{"width":1580,"height":1453,"url":"https:\/\/trilitrate.com\/wp-content\/uploads\/2024\/10\/TRILITRATE-PORTADA.webp","type":"image\/webp"}],"twitter_card":"summary_large_image","twitter_misc":{"Tiempo de lectura":"2 minutos"},"schema":{"@context":"https:\/\/schema.org","@graph":[{"@type":"WebPage","@id":"https:\/\/trilitrate.com\/es\/producto\/falachesme-na-man\/","url":"https:\/\/trilitrate.com\/es\/producto\/falachesme-na-man\/","name":"Fal\u00e1chesme na man - Trilitrate","isPartOf":{"@id":"https:\/\/trilitrate.com\/es\/#website"},"primaryImageOfPage":{"@id":"https:\/\/trilitrate.com\/es\/producto\/falachesme-na-man\/#primaryimage"},"image":{"@id":"https:\/\/trilitrate.com\/es\/producto\/falachesme-na-man\/#primaryimage"},"thumbnailUrl":"https:\/\/trilitrate.com\/wp-content\/uploads\/2024\/10\/TRILITRATE-PORTADA.webp","datePublished":"2018-10-16T16:04:30+00:00","dateModified":"2024-10-16T16:17:42+00:00","description":"\"Fal\u00e1chesme na man\u201d es el revolucionario debut discogr\u00e1fico de la banda gallega Trilitrate. Un prodigio sonoro colmado de belleza","breadcrumb":{"@id":"https:\/\/trilitrate.com\/es\/producto\/falachesme-na-man\/#breadcrumb"},"inLanguage":"es","potentialAction":[{"@type":"ReadAction","target":["https:\/\/trilitrate.com\/es\/producto\/falachesme-na-man\/"]}]},{"@type":"ImageObject","inLanguage":"es","@id":"https:\/\/trilitrate.com\/es\/producto\/falachesme-na-man\/#primaryimage","url":"https:\/\/trilitrate.com\/wp-content\/uploads\/2024\/10\/TRILITRATE-PORTADA.webp","contentUrl":"https:\/\/trilitrate.com\/wp-content\/uploads\/2024\/10\/TRILITRATE-PORTADA.webp","width":1580,"height":1453,"caption":"TRILITRATE Falachesme na man"},{"@type":"BreadcrumbList","@id":"https:\/\/trilitrate.com\/es\/producto\/falachesme-na-man\/#breadcrumb","itemListElement":[{"@type":"ListItem","position":1,"name":"Portada","item":"https:\/\/trilitrate.com\/es\/"},{"@type":"ListItem","position":2,"name":"Tenda","item":"https:\/\/trilitrate.com\/tenda\/"},{"@type":"ListItem","position":3,"name":"Fal\u00e1chesme na man"}]},{"@type":"WebSite","@id":"https:\/\/trilitrate.com\/es\/#website","url":"https:\/\/trilitrate.com\/es\/","name":"Trilitrate","description":"Grupo de m\u00fasica en Vigo","potentialAction":[{"@type":"SearchAction","target":{"@type":"EntryPoint","urlTemplate":"https:\/\/trilitrate.com\/es\/?s={search_term_string}"},"query-input":{"@type":"PropertyValueSpecification","valueRequired":true,"valueName":"search_term_string"}}],"inLanguage":"es"}]}},"jetpack_sharing_enabled":true,"_links":{"self":[{"href":"https:\/\/trilitrate.com\/es\/wp-json\/wp\/v2\/product\/3680","targetHints":{"allow":["GET"]}}],"collection":[{"href":"https:\/\/trilitrate.com\/es\/wp-json\/wp\/v2\/product"}],"about":[{"href":"https:\/\/trilitrate.com\/es\/wp-json\/wp\/v2\/types\/product"}],"wp:featuredmedia":[{"embeddable":true,"href":"https:\/\/trilitrate.com\/es\/wp-json\/wp\/v2\/media\/3690"}],"wp:attachment":[{"href":"https:\/\/trilitrate.com\/es\/wp-json\/wp\/v2\/media?parent=3680"}],"wp:term":[{"taxonomy":"product_cat","embeddable":true,"href":"https:\/\/trilitrate.com\/es\/wp-json\/wp\/v2\/product_cat?post=3680"},{"taxonomy":"product_tag","embeddable":true,"href":"https:\/\/trilitrate.com\/es\/wp-json\/wp\/v2\/product_tag?post=3680"}],"curies":[{"name":"wp","href":"https:\/\/api.w.org\/{rel}","templated":true}]}}