{"id":928,"date":"2021-05-01T11:00:14","date_gmt":"2021-05-01T09:00:14","guid":{"rendered":"http:\/\/import.getbowtied.com\/shopkeeper-replicaproduct\/cotton-jersey-top\/"},"modified":"2023-06-28T10:37:03","modified_gmt":"2023-06-28T08:37:03","slug":"esta-de-grelo-cami","status":"publish","type":"product","link":"https:\/\/trilitrate.com\/es\/producto\/esta-de-grelo-cami\/","title":{"rendered":"CAMISETA EST\u00c1 DE GRELO"},"content":{"rendered":"","protected":false},"excerpt":{"rendered":"<p>Camiseta unisex 100% algod\u00f3n con serigraf\u00eda 2 tintas.<\/p>\n<p>2 COLORES: CORNSILK (AMARILLO) Y FOREST GREEN (VERDE)<\/p>\n","protected":false},"featured_media":3065,"template":"","meta":[],"product_cat":[15],"product_tag":[],"class_list":{"0":"post-928","1":"product","2":"type-product","3":"status-publish","4":"has-post-thumbnail","6":"product_cat-sin-categorizar","8":"first","9":"instock","10":"taxable","11":"shipping-taxable","12":"purchasable","13":"product-type-variable"},"yoast_head":"<!-- This site is optimized with the Yoast SEO plugin v23.6 - https:\/\/yoast.com\/wordpress\/plugins\/seo\/ -->\n<title>CAMISETA EST\u00c1 DE GRELO - Trilitrate<\/title>\n<meta name=\"robots\" content=\"index, follow, max-snippet:-1, max-image-preview:large, max-video-preview:-1\" \/>\n<link rel=\"canonical\" href=\"https:\/\/trilitrate.com\/es\/producto\/esta-de-grelo-cami\/\" \/>\n<meta property=\"og:locale\" content=\"es_ES\" \/>\n<meta property=\"og:type\" content=\"article\" \/>\n<meta property=\"og:title\" content=\"CAMISETA EST\u00c1 DE GRELO - Trilitrate\" \/>\n<meta property=\"og:description\" content=\"Camiseta unisex 100% algod\u00f3n con serigraf\u00eda 2 tintas.  2 COLORES: CORNSILK (AMARILLO) Y FOREST GREEN (VERDE)\" \/>\n<meta property=\"og:url\" content=\"https:\/\/trilitrate.com\/es\/producto\/esta-de-grelo-cami\/\" \/>\n<meta property=\"og:site_name\" content=\"Trilitrate\" \/>\n<meta property=\"article:modified_time\" content=\"2023-06-28T08:37:03+00:00\" \/>\n<meta property=\"og:image\" content=\"https:\/\/trilitrate.com\/wp-content\/uploads\/2017\/01\/mockup-camis-trilitrate.jpg\" \/>\n\t<meta property=\"og:image:width\" content=\"576\" \/>\n\t<meta property=\"og:image:height\" content=\"576\" \/>\n\t<meta property=\"og:image:type\" content=\"image\/jpeg\" \/>\n<meta name=\"twitter:card\" content=\"summary_large_image\" \/>\n<script type=\"application\/ld+json\" class=\"yoast-schema-graph\">{\"@context\":\"https:\/\/schema.org\",\"@graph\":[{\"@type\":\"WebPage\",\"@id\":\"https:\/\/trilitrate.com\/es\/producto\/esta-de-grelo-cami\/\",\"url\":\"https:\/\/trilitrate.com\/es\/producto\/esta-de-grelo-cami\/\",\"name\":\"CAMISETA EST\u00c1 DE GRELO - Trilitrate\",\"isPartOf\":{\"@id\":\"https:\/\/trilitrate.com\/es\/#website\"},\"primaryImageOfPage\":{\"@id\":\"https:\/\/trilitrate.com\/es\/producto\/esta-de-grelo-cami\/#primaryimage\"},\"image\":{\"@id\":\"https:\/\/trilitrate.com\/es\/producto\/esta-de-grelo-cami\/#primaryimage\"},\"thumbnailUrl\":\"https:\/\/trilitrate.com\/wp-content\/uploads\/2017\/01\/mockup-camis-trilitrate.jpg\",\"datePublished\":\"2021-05-01T09:00:14+00:00\",\"dateModified\":\"2023-06-28T08:37:03+00:00\",\"breadcrumb\":{\"@id\":\"https:\/\/trilitrate.com\/es\/producto\/esta-de-grelo-cami\/#breadcrumb\"},\"inLanguage\":\"es\",\"potentialAction\":[{\"@type\":\"ReadAction\",\"target\":[\"https:\/\/trilitrate.com\/es\/producto\/esta-de-grelo-cami\/\"]}]},{\"@type\":\"ImageObject\",\"inLanguage\":\"es\",\"@id\":\"https:\/\/trilitrate.com\/es\/producto\/esta-de-grelo-cami\/#primaryimage\",\"url\":\"https:\/\/trilitrate.com\/wp-content\/uploads\/2017\/01\/mockup-camis-trilitrate.jpg\",\"contentUrl\":\"https:\/\/trilitrate.com\/wp-content\/uploads\/2017\/01\/mockup-camis-trilitrate.jpg\",\"width\":576,\"height\":576},{\"@type\":\"BreadcrumbList\",\"@id\":\"https:\/\/trilitrate.com\/es\/producto\/esta-de-grelo-cami\/#breadcrumb\",\"itemListElement\":[{\"@type\":\"ListItem\",\"position\":1,\"name\":\"Portada\",\"item\":\"https:\/\/trilitrate.com\/es\/\"},{\"@type\":\"ListItem\",\"position\":2,\"name\":\"Tenda\",\"item\":\"https:\/\/trilitrate.com\/tenda\/\"},{\"@type\":\"ListItem\",\"position\":3,\"name\":\"CAMISETA EST\u00c1 DE GRELO\"}]},{\"@type\":\"WebSite\",\"@id\":\"https:\/\/trilitrate.com\/es\/#website\",\"url\":\"https:\/\/trilitrate.com\/es\/\",\"name\":\"Trilitrate\",\"description\":\"Grupo de m\u00fasica en Vigo\",\"potentialAction\":[{\"@type\":\"SearchAction\",\"target\":{\"@type\":\"EntryPoint\",\"urlTemplate\":\"https:\/\/trilitrate.com\/es\/?s={search_term_string}\"},\"query-input\":{\"@type\":\"PropertyValueSpecification\",\"valueRequired\":true,\"valueName\":\"search_term_string\"}}],\"inLanguage\":\"es\"}]}<\/script>\n<!-- \/ Yoast SEO plugin. -->","yoast_head_json":{"title":"CAMISETA EST\u00c1 DE GRELO - Trilitrate","robots":{"index":"index","follow":"follow","max-snippet":"max-snippet:-1","max-image-preview":"max-image-preview:large","max-video-preview":"max-video-preview:-1"},"canonical":"https:\/\/trilitrate.com\/es\/producto\/esta-de-grelo-cami\/","og_locale":"es_ES","og_type":"article","og_title":"CAMISETA EST\u00c1 DE GRELO - Trilitrate","og_description":"Camiseta unisex 100% algod\u00f3n con serigraf\u00eda 2 tintas.  2 COLORES: CORNSILK (AMARILLO) Y FOREST GREEN (VERDE)","og_url":"https:\/\/trilitrate.com\/es\/producto\/esta-de-grelo-cami\/","og_site_name":"Trilitrate","article_modified_time":"2023-06-28T08:37:03+00:00","og_image":[{"width":576,"height":576,"url":"https:\/\/trilitrate.com\/wp-content\/uploads\/2017\/01\/mockup-camis-trilitrate.jpg","type":"image\/jpeg"}],"twitter_card":"summary_large_image","schema":{"@context":"https:\/\/schema.org","@graph":[{"@type":"WebPage","@id":"https:\/\/trilitrate.com\/es\/producto\/esta-de-grelo-cami\/","url":"https:\/\/trilitrate.com\/es\/producto\/esta-de-grelo-cami\/","name":"CAMISETA EST\u00c1 DE GRELO - Trilitrate","isPartOf":{"@id":"https:\/\/trilitrate.com\/es\/#website"},"primaryImageOfPage":{"@id":"https:\/\/trilitrate.com\/es\/producto\/esta-de-grelo-cami\/#primaryimage"},"image":{"@id":"https:\/\/trilitrate.com\/es\/producto\/esta-de-grelo-cami\/#primaryimage"},"thumbnailUrl":"https:\/\/trilitrate.com\/wp-content\/uploads\/2017\/01\/mockup-camis-trilitrate.jpg","datePublished":"2021-05-01T09:00:14+00:00","dateModified":"2023-06-28T08:37:03+00:00","breadcrumb":{"@id":"https:\/\/trilitrate.com\/es\/producto\/esta-de-grelo-cami\/#breadcrumb"},"inLanguage":"es","potentialAction":[{"@type":"ReadAction","target":["https:\/\/trilitrate.com\/es\/producto\/esta-de-grelo-cami\/"]}]},{"@type":"ImageObject","inLanguage":"es","@id":"https:\/\/trilitrate.com\/es\/producto\/esta-de-grelo-cami\/#primaryimage","url":"https:\/\/trilitrate.com\/wp-content\/uploads\/2017\/01\/mockup-camis-trilitrate.jpg","contentUrl":"https:\/\/trilitrate.com\/wp-content\/uploads\/2017\/01\/mockup-camis-trilitrate.jpg","width":576,"height":576},{"@type":"BreadcrumbList","@id":"https:\/\/trilitrate.com\/es\/producto\/esta-de-grelo-cami\/#breadcrumb","itemListElement":[{"@type":"ListItem","position":1,"name":"Portada","item":"https:\/\/trilitrate.com\/es\/"},{"@type":"ListItem","position":2,"name":"Tenda","item":"https:\/\/trilitrate.com\/tenda\/"},{"@type":"ListItem","position":3,"name":"CAMISETA EST\u00c1 DE GRELO"}]},{"@type":"WebSite","@id":"https:\/\/trilitrate.com\/es\/#website","url":"https:\/\/trilitrate.com\/es\/","name":"Trilitrate","description":"Grupo de m\u00fasica en Vigo","potentialAction":[{"@type":"SearchAction","target":{"@type":"EntryPoint","urlTemplate":"https:\/\/trilitrate.com\/es\/?s={search_term_string}"},"query-input":{"@type":"PropertyValueSpecification","valueRequired":true,"valueName":"search_term_string"}}],"inLanguage":"es"}]}},"jetpack_sharing_enabled":true,"_links":{"self":[{"href":"https:\/\/trilitrate.com\/es\/wp-json\/wp\/v2\/product\/928","targetHints":{"allow":["GET"]}}],"collection":[{"href":"https:\/\/trilitrate.com\/es\/wp-json\/wp\/v2\/product"}],"about":[{"href":"https:\/\/trilitrate.com\/es\/wp-json\/wp\/v2\/types\/product"}],"wp:featuredmedia":[{"embeddable":true,"href":"https:\/\/trilitrate.com\/es\/wp-json\/wp\/v2\/media\/3065"}],"wp:attachment":[{"href":"https:\/\/trilitrate.com\/es\/wp-json\/wp\/v2\/media?parent=928"}],"wp:term":[{"taxonomy":"product_cat","embeddable":true,"href":"https:\/\/trilitrate.com\/es\/wp-json\/wp\/v2\/product_cat?post=928"},{"taxonomy":"product_tag","embeddable":true,"href":"https:\/\/trilitrate.com\/es\/wp-json\/wp\/v2\/product_tag?post=928"}],"curies":[{"name":"wp","href":"https:\/\/api.w.org\/{rel}","templated":true}]}}